{"id":3321,"date":"2021-05-04T17:10:00","date_gmt":"2021-05-04T15:10:00","guid":{"rendered":"https:\/\/www.coocoolab.com\/politica-de-cookies\/"},"modified":"2025-03-11T17:14:05","modified_gmt":"2025-03-11T16:14:05","slug":"politica-de-cookies","status":"publish","type":"page","link":"https:\/\/www.coocoolab.com\/es\/politica-de-cookies\/","title":{"rendered":"Pol\u00edtica de Cookies"},"content":{"rendered":"\t\t<div data-elementor-type=\"wp-page\" data-elementor-id=\"3321\" class=\"elementor elementor-3321 elementor-3302\" data-elementor-post-type=\"page\">\n\t\t\t\t\t\t<section class=\"elementor-section elementor-top-section elementor-element elementor-element-0d61145 elementor-section-boxed elementor-section-height-default elementor-section-height-default\" data-id=\"0d61145\" data-element_type=\"section\" data-e-type=\"section\" data-settings=\"{&quot;background_background&quot;:&quot;classic&quot;}\">\n\t\t\t\t\t\t<div class=\"elementor-container elementor-column-gap-default\">\n\t\t\t\t\t<div class=\"elementor-column elementor-col-100 elementor-top-column elementor-element elementor-element-f290fbf\" data-id=\"f290fbf\" data-element_type=\"column\" data-e-type=\"column\">\n\t\t\t<div class=\"elementor-widget-wrap elementor-element-populated\">\n\t\t\t\t\t\t<div class=\"elementor-element elementor-element-029f567 elementor-invisible elementor-widget elementor-widget-heading\" data-id=\"029f567\" data-element_type=\"widget\" data-e-type=\"widget\" data-settings=\"{&quot;_animation&quot;:&quot;fadeIn&quot;}\" data-widget_type=\"heading.default\">\n\t\t\t\t<div class=\"elementor-widget-container\">\n\t\t\t\t\t<h1 class=\"elementor-heading-title elementor-size-default\">Pol\u00edtica de Cookies<\/h1>\t\t\t\t<\/div>\n\t\t\t\t<\/div>\n\t\t\t\t<div class=\"elementor-element elementor-element-bec9205 elementor-widget elementor-widget-text-editor\" data-id=\"bec9205\" data-element_type=\"widget\" data-e-type=\"widget\" data-widget_type=\"text-editor.default\">\n\t\t\t\t<div class=\"elementor-widget-container\">\n\t\t\t\t\t\t\t\t\t<h5>INFORMACI\u00d3N SOBRE LAS COOKIES<\/h5>\n<p>Debido a la entrada en vigor de la modificaci\u00f3n de la \u00abLey de Servicios de la Sociedad de la Informaci\u00f3n\u00bb (LSSICE) establecida por el Real Decreto 13\/2012, es obligatorio obtener el consentimiento expreso del usuario de todas las p\u00e1ginas web que utilicen cookies no esenciales antes de navegar por ellas.<\/p>\n<h5>\u00bfQU\u00c9 SON LAS COOKIES?<\/h5>\n<p>Las cookies y otras tecnolog\u00edas similares, como objetos locales compartidos, cookies flash o p\u00edxeles, son herramientas utilizadas por los servidores web para almacenar y recuperar informaci\u00f3n sobre sus visitantes, as\u00ed como para permitir el correcto funcionamiento del sitio.<\/p>\n<p>Mediante el uso de estos dispositivos, el servidor Web es capaz de recordar algunos datos relativos al usuario, como sus preferencias para ver las p\u00e1ginas del servidor, su nombre y contrase\u00f1a, los productos que m\u00e1s le interesan, etc.<\/p>\n<h5>COOKIES AFECTADAS POR, Y COOKIES EXENTAS DE LA NORMATIVA<\/h5>\n<p>Seg\u00fan la directiva de la UE, las cookies que requieren el consentimiento informado del usuario son cookies de an\u00e1lisis, publicidad y afiliaci\u00f3n, mientras que las cookies t\u00e9cnicas y las que son necesarias para el funcionamiento del sitio web o la prestaci\u00f3n de servicios expresamente solicitados por el usuario est\u00e1n exentas.<\/p>\n<h5> <\/h5>\n<h5>TIPOS DE COOKIES<\/h5>\n<h6>DEPENDIENDO DEL PROP\u00d3SITO<\/h6>\n<ul>\n<li><strong>Cookies t\u00e9cnicas y funcionales<\/strong>: permiten al usuario la navegaci\u00f3n a trav\u00e9s de una p\u00e1gina web, plataforma o aplicaci\u00f3n y la utilizaci\u00f3n de las diferentes opciones o servicios que en ella existan.<\/li>\n<li><strong>Cookies<\/strong> de an\u00e1lisis: permiten al responsable del tratamiento el seguimiento y an\u00e1lisis del comportamiento de los usuarios de los sitios web a los que est\u00e1n vinculadas. La informaci\u00f3n recogida por este tipo de cookies se utiliza para medir la actividad de los sitios web, aplicaci\u00f3n o plataforma y para realizar perfiles de navegaci\u00f3n de los usuarios de dichos sitios, aplicaciones y plataformas, con la finalidad de introducir mejoras en el an\u00e1lisis de los datos de usuario realizado por los usuarios del servicio.<\/li>\n<li><strong>Cookies publicitarias<\/strong>: permiten la gesti\u00f3n, de la forma m\u00e1s eficaz posible, de los espacios publicitarios que, en su caso, el editor haya incluido en una p\u00e1gina web, aplicaci\u00f3n o plataforma desde donde se presta el servicio solicitado en base a datos como el contenido editado o la frecuencia con la que se realizan los anuncios.<\/li>\n<li><strong>Cookies de publicidad comportamental:<\/strong> recopilan informaci\u00f3n sobre las preferencias y elecciones personales del usuario (retargeting)<br \/>Con el fin de permitir la gesti\u00f3n, de la forma m\u00e1s eficiente posible, de los espacios publicitarios que, en su caso, el editor haya incluido en un sitio web, aplicaci\u00f3n o plataforma desde donde se preste el servicio solicitado.<\/li>\n<li><strong>Cookies<\/strong> sociales: establecidas por las plataformas de redes sociales en los servicios para permitir compartir contenidos con amigos y redes. Las plataformas de redes sociales tienen la capacidad de rastrear la actividad en l\u00ednea fuera de los Servicios. Esto puede afectar el contenido y los mensajes vistos en otros servicios utilizados.<\/li>\n<li>Cookies de afiliados: permiten realizar un seguimiento de las visitas a trav\u00e9s de enlaces de otros sitios web, con los que el sitio web establece acuerdos de afiliaci\u00f3n (empresas <strong>afiliadas<\/strong>).<\/li>\n<li><strong>Cookies de seguridad:<\/strong> almacenan informaci\u00f3n cifrada para evitar que los datos almacenados en ellas sean vulnerables a ataques maliciosos por parte de terceros.<\/li>\n<\/ul>\n<h6> <\/h6>\n<h6>SEG\u00daN LA PROPIEDAD<\/h6>\n<ul>\n<li><strong>Cookies propias:<\/strong> se env\u00edan al equipo terminal del usuario desde un equipo o potencia gestionado por el propio editor y desde donde se presta el servicio solicitado por el usuario.<\/li>\n<li><strong>Cookies de terceros:<\/strong> se env\u00edan al equipo terminal del usuario desde un equipo o potencia que no es gestionado por el editor, sino por otra entidad que trata los datos obtenidos trav\u00e9s de las cookies.<\/li>\n<\/ul>\n<h6> <\/h6>\n<h6>DEPENDIENDO DEL PER\u00cdODO DE ALMACENAMIENTO<\/h6>\n<ul>\n<li><strong>Cookies de sesi\u00f3n<\/strong>: son un tipo de cookies dise\u00f1adas para recabar y almacenar datos mientras el usuario accede a un sitio web.<\/li>\n<li><strong>Cookies permanentes:<\/strong> son un tipo de cookies en las que los datos siguen almacenados en el terminal y pueden ser accedidos y tratados durante un periodo de tiempo definido por el responsable del tratamiento, y que puede ir de unos minutos a varios a\u00f1os.<\/li>\n<\/ul>\n<h5> <\/h5>\n<h5>TRATAMIENTO DE DATOS PERSONALES<\/h5>\n<p>ISABEL VELASCO FIGUERAS es el <strong>Responsable<\/strong> del tratamiento de los datos personales del <strong>Interesado<\/strong> y le informa que estos datos ser\u00e1n tratados de conformidad con lo dispuesto en el Reglamento (UE) 2016\/679, de 27 de abril de 2016 (GDPR), por lo que se le facilita la siguiente informaci\u00f3n sobre el tratamiento:<\/p>\n<p><strong>Finalidades del tratamiento de datos:<\/strong> como se especifica en el apartado de cookies que se utilizan en este sitio web.<br \/><strong>Legitimaci\u00f3n del tratamiento<\/strong>: por consentimiento del interesado (art. 6.1 RGPD).<br \/><strong>Criterios de conservaci\u00f3n de datos:<\/strong> tal y como se especifica en el apartado de cookies utilizado en el sitio web.<br \/><strong>Comunicaci\u00f3n de<\/strong> datos: no se ceder\u00e1n datos a terceros, salvo en cookies propiedad de terceros o por obligaci\u00f3n legal.<br \/><strong>Derechos del interesado:<\/strong><br \/>&#8211; Derecho a retirar el consentimiento en cualquier momento.<br \/>&#8211; Derecho de acceso, rectificaci\u00f3n, portabilidad y supresi\u00f3n de los datos y la limitaci\u00f3n u oposici\u00f3n a su tratamiento.<br \/>Derecho a presentar una reclamaci\u00f3n ante la Autoridad de Control Espa\u00f1ola (www.aepd.es) si considera que el tratamiento no cumple con la legislaci\u00f3n vigente.<br \/><strong>Datos de contacto para ejercer sus derechos:<\/strong><br \/>ISABEL VELASCO FIGUERAS. C\/ Rossell\u00f2, 8-10 1o 2a &#8211; 08029 BARCELONA (Barcelona). Correo electr\u00f3nico: info@coocoolab.com<\/p>\n<h5> <\/h5>\n<h5>COOKIES UTILIZADAS EN ESTE SITIO WEB<\/h5>\n<h6>COOKIES CONTROLADAS POR EL EDITOR<\/h6>\n\t\t\t\t\t\t\t\t<\/div>\n\t\t\t\t<\/div>\n\t\t\t\t<div class=\"elementor-element elementor-element-07c348e elementor-widget elementor-widget-html\" data-id=\"07c348e\" data-element_type=\"widget\" data-e-type=\"widget\" data-widget_type=\"html.default\">\n\t\t\t\t<div class=\"elementor-widget-container\">\n\t\t\t\t\t<table class=\"cookies-table\" width=\"99%\" cellspacing=\"0\" cellpadding=\"0\" border=\"1\">\n<tbody>\n<tr>\n<th colspan=\"4\">T\u00e9cnico y funcional<\/th>\n<\/tr>\n<tr>\n<th width=\"15%\">Propiedad<\/th>\n<th width=\"15%\">Cookie<\/th>\n<th>Prop\u00f3sito<\/th>\n<th width=\"10%\">T\u00e9rmino<\/th>\n<\/tr>\n<tr>\n<td>coocoolab.com\n<\/td><td>_ga GH837NN9HF\n<\/td><td>Cookie necesaria para utilizar las opciones y servicios<\/td>\n<td>en 2 a\u00f1os<\/td>\n<\/tr>\n\n\n<\/tbody>\n<\/table>\t\t\t\t<\/div>\n\t\t\t\t<\/div>\n\t\t\t\t<div class=\"elementor-element elementor-element-1a60c5f elementor-widget elementor-widget-html\" data-id=\"1a60c5f\" data-element_type=\"widget\" data-e-type=\"widget\" data-widget_type=\"html.default\">\n\t\t\t\t<div class=\"elementor-widget-container\">\n\t\t\t\t\t<table class=\"cookies-table\" width=\"99%\" cellspacing=\"0\" cellpadding=\"0\" border=\"1\">\n<tbody>\n<tr>\n<th colspan=\"4\">Anal\u00edtica<\/th>\n<\/tr>\n<tr>\n<th width=\"15%\">Propiedad<\/th>\n<th width=\"15%\">Cookie<\/th>\n<th>Prop\u00f3sito<\/th>\n<th width=\"10%\">T\u00e9rmino<\/th>\n<\/tr>\n\n<tr>\n<td>coocoolab.com<\/td>\n<td>_ga<\/td>\n<td>ID utilizado para identificar usuarios<\/td>\n<td>en 2 a\u00f1os<\/td>\n<\/tr>\n\n<\/tbody>\n<\/table>\t\t\t\t<\/div>\n\t\t\t\t<\/div>\n\t\t\t\t<div class=\"elementor-element elementor-element-c9c8248 elementor-widget elementor-widget-text-editor\" data-id=\"c9c8248\" data-element_type=\"widget\" data-e-type=\"widget\" data-widget_type=\"text-editor.default\">\n\t\t\t\t<div class=\"elementor-widget-container\">\n\t\t\t\t\t\t\t\t\t<h6>COOKIES DE TERCEROS<\/h6>\n<p>Los servicios de terceros est\u00e1n fuera del control del editor. Los proveedores pueden modificar en cualquier momento sus condiciones de servicio, el prop\u00f3sito y uso de cookies, etc.<br \/><strong>Proveedores externos de este sitio web:<\/strong><\/p>\n\t\t\t\t\t\t\t\t<\/div>\n\t\t\t\t<\/div>\n\t\t\t\t<div class=\"elementor-element elementor-element-1143c4e elementor-widget elementor-widget-html\" data-id=\"1143c4e\" data-element_type=\"widget\" data-e-type=\"widget\" data-widget_type=\"html.default\">\n\t\t\t\t<div class=\"elementor-widget-container\">\n\t\t\t\t\t<table class=\"cookies-table\" width=\"99%\" cellspacing=\"0\" cellpadding=\"0\" border=\"1\">\n<tbody>\n\n<tr>\n<th width=\"50%\">Editor<\/th>\n<th width=\"50%\">Pol\u00edtica de privacidad<\/th>\n\n<\/tr>\n\n<tr>\n<td>Google Analytics<\/td>\n<td>https:\/\/privacy.google.com\/take-control.html<\/td>\n\n<\/tr>\n\n<\/tbody>\n<\/table>\t\t\t\t<\/div>\n\t\t\t\t<\/div>\n\t\t\t\t<div class=\"elementor-element elementor-element-276ea16 elementor-widget elementor-widget-html\" data-id=\"276ea16\" data-element_type=\"widget\" data-e-type=\"widget\" data-widget_type=\"html.default\">\n\t\t\t\t<div class=\"elementor-widget-container\">\n\t\t\t\t\t<table class=\"cookies-table\" width=\"99%\" cellspacing=\"0\" cellpadding=\"0\" border=\"1\">\n<tbody>\n<tr>\n<th colspan=\"2\">C\u00d3MO ADMINISTRAR LAS COOKIES DESDE SU NAVEGADOR<\/th>\n<\/tr>\n<tr>\n\n<td width=\"30%\">ELIMINE LAS COOKIES DE SU DISPOSITIVO<\/td>\n<td width=\"70%\">Las cookies que ya est\u00e1n en un dispositivo se pueden eliminar borrando el historial del navegador, eliminando as\u00ed las cookies de todos los sitios web visitados.\nSin embargo, parte de la informaci\u00f3n guardada (por ejemplo, datos de inicio de sesi\u00f3n o preferencias del sitio web) tambi\u00e9n puede perderse.<\/td>\n<\/tr>\n<tr>\n<td>ADMINISTRAR COOKIES<\/td>\n<td>Para un control m\u00e1s preciso de las cookies espec\u00edficas del sitio, los usuarios pueden ajustar su configuraci\u00f3n de privacidad y las cookies en su navegador.<\/td>\n<\/tr>\n<tr>\n<td>BLOQUEO DE COOKIES<\/td>\n<td>Si bien la mayor\u00eda de los navegadores modernos se pueden configurar para evitar que se instalen cookies en un dispositivo, esto puede requerir el ajuste manual de ciertas preferencias cada vez que se visita un sitio o p\u00e1gina. Adem\u00e1s, es posible que algunos servicios y caracter\u00edsticas no funcionen correctamente (por ejemplo, inicios de sesi\u00f3n de perfil).<\/td>\n<\/tr>\n\n<\/tbody>\n<\/table>\t\t\t\t<\/div>\n\t\t\t\t<\/div>\n\t\t\t\t<div class=\"elementor-element elementor-element-b2be450 elementor-widget elementor-widget-html\" data-id=\"b2be450\" data-element_type=\"widget\" data-e-type=\"widget\" data-widget_type=\"html.default\">\n\t\t\t\t<div class=\"elementor-widget-container\">\n\t\t\t\t\t<table class=\"cookies-table\" width=\"99%\" cellspacing=\"0\" cellpadding=\"0\" border=\"1\">\n<tbody>\n<tr>\n<th colspan=\"2\">C\u00d3MO ELIMINAR LAS COOKIES DE LOS NAVEGADORES M\u00c1S COMUNES<\/th>\n<\/tr>\n<tr>\n\n<td width=\"30%\">CHROME<\/td>\n<td width=\"70%\">http:\/\/support.google.com\/chrome\/answer\/95647?hl=es<\/td>\n<\/tr>\n<tr>\n<td>INTERNET EXPLORER. VERSI\u00d3N 11<\/td>\n<td>https:\/\/support.microsoft.com\/es-es\/help\/278835\/how-to-delete-cookie-files-in-internet-explorer<\/td>\n<\/tr>\n<tr>\n<td>FIREFOX. VERSI\u00d3N 65.0.1<\/td>\n<td>https:\/\/www.mozilla.org\/es-ES\/privacy\/websites\/#cookies<\/td>\n<tr>\n\n<td width=\"30%\">SAFARI VERSI\u00d3N 5.1<\/td>\n<td width=\"70%\">https:\/\/support.apple.com\/es-es\/guide\/safari\/sfri11471\/mac<\/td>\n<\/tr>\n<tr>\n<td>OPERA<\/td>\n<td>https:\/\/help.opera.com\/en\/latest\/security-and-privacy\/#clearBrowsingData<\/td>\n<\/tr>\n<\/tbody>\n<\/table>\t\t\t\t<\/div>\n\t\t\t\t<\/div>\n\t\t\t\t\t<\/div>\n\t\t<\/div>\n\t\t\t\t\t<\/div>\n\t\t<\/section>\n\t\t\t\t<\/div>\n\t\t","protected":false},"excerpt":{"rendered":"<p>INFORMACI\u00d3N SOBRE LAS COOKIES Debido a la entrada en vigor de la modificaci\u00f3n de la \u00abLey de Servicios de la Sociedad de la Informaci\u00f3n\u00bb (LSSICE) establecida por el Real Decreto 13\/2012, es obligatorio obtener el consentimiento expreso del usuario de todas las p\u00e1ginas web que utilicen cookies no esenciales antes de navegar por ellas. \u00bfQU\u00c9 [&hellip;]<\/p>\n","protected":false},"author":1,"featured_media":0,"parent":0,"menu_order":0,"comment_status":"closed","ping_status":"closed","template":"elementor_header_footer","meta":{"footnotes":""},"class_list":["post-3321","page","type-page","status-publish","hentry"],"yoast_head":"<!-- This site is optimized with the Yoast SEO plugin v27.3 - https:\/\/yoast.com\/product\/yoast-seo-wordpress\/ -->\n<title>Pol\u00edtica de Cookies &#8212; COOCOOLAB<\/title>\n<meta name=\"description\" content=\"COOCOOLAB es una consultor\u00eda creativa con sede en Barcelona que ofrece servicios integrales de dise\u00f1o. Creamos experiencias inspiradoras.\" \/>\n<meta name=\"robots\" content=\"noindex, follow\" \/>\n<meta property=\"og:locale\" content=\"es_ES\" \/>\n<meta property=\"og:type\" content=\"article\" \/>\n<meta property=\"og:title\" content=\"Pol\u00edtica de Cookies &#8212; COOCOOLAB\" \/>\n<meta property=\"og:description\" content=\"COOCOOLAB es una consultor\u00eda creativa con sede en Barcelona que ofrece servicios integrales de dise\u00f1o. Creamos experiencias inspiradoras.\" \/>\n<meta property=\"og:url\" content=\"https:\/\/www.coocoolab.com\/es\/politica-de-cookies\/\" \/>\n<meta property=\"og:site_name\" content=\"COOCOOLAB\" \/>\n<meta property=\"article:modified_time\" content=\"2025-03-11T16:14:05+00:00\" \/>\n<meta name=\"twitter:card\" content=\"summary_large_image\" \/>\n<meta name=\"twitter:label1\" content=\"Tiempo de lectura\" \/>\n\t<meta name=\"twitter:data1\" content=\"6 minutos\" \/>\n<script type=\"application\/ld+json\" class=\"yoast-schema-graph\">{\"@context\":\"https:\\\/\\\/schema.org\",\"@graph\":[{\"@type\":\"WebPage\",\"@id\":\"https:\\\/\\\/www.coocoolab.com\\\/es\\\/politica-de-cookies\\\/\",\"url\":\"https:\\\/\\\/www.coocoolab.com\\\/es\\\/politica-de-cookies\\\/\",\"name\":\"Pol\u00edtica de Cookies &#8212; COOCOOLAB\",\"isPartOf\":{\"@id\":\"https:\\\/\\\/www.coocoolab.com\\\/es\\\/#website\"},\"datePublished\":\"2021-05-04T15:10:00+00:00\",\"dateModified\":\"2025-03-11T16:14:05+00:00\",\"description\":\"COOCOOLAB es una consultor\u00eda creativa con sede en Barcelona que ofrece servicios integrales de dise\u00f1o. Creamos experiencias inspiradoras.\",\"breadcrumb\":{\"@id\":\"https:\\\/\\\/www.coocoolab.com\\\/es\\\/politica-de-cookies\\\/#breadcrumb\"},\"inLanguage\":\"es\",\"potentialAction\":[{\"@type\":\"ReadAction\",\"target\":[\"https:\\\/\\\/www.coocoolab.com\\\/es\\\/politica-de-cookies\\\/\"]}]},{\"@type\":\"BreadcrumbList\",\"@id\":\"https:\\\/\\\/www.coocoolab.com\\\/es\\\/politica-de-cookies\\\/#breadcrumb\",\"itemListElement\":[{\"@type\":\"ListItem\",\"position\":1,\"name\":\"Portada\",\"item\":\"https:\\\/\\\/www.coocoolab.com\\\/es\\\/\"},{\"@type\":\"ListItem\",\"position\":2,\"name\":\"Pol\u00edtica de Cookies\"}]},{\"@type\":\"WebSite\",\"@id\":\"https:\\\/\\\/www.coocoolab.com\\\/es\\\/#website\",\"url\":\"https:\\\/\\\/www.coocoolab.com\\\/es\\\/\",\"name\":\"COOCOOLAB\",\"description\":\"We create inspiring experiences\",\"publisher\":{\"@id\":\"https:\\\/\\\/www.coocoolab.com\\\/es\\\/#organization\"},\"potentialAction\":[{\"@type\":\"SearchAction\",\"target\":{\"@type\":\"EntryPoint\",\"urlTemplate\":\"https:\\\/\\\/www.coocoolab.com\\\/es\\\/?s={search_term_string}\"},\"query-input\":{\"@type\":\"PropertyValueSpecification\",\"valueRequired\":true,\"valueName\":\"search_term_string\"}}],\"inLanguage\":\"es\"},{\"@type\":\"Organization\",\"@id\":\"https:\\\/\\\/www.coocoolab.com\\\/es\\\/#organization\",\"name\":\"COOCOOLAB\",\"url\":\"https:\\\/\\\/www.coocoolab.com\\\/es\\\/\",\"logo\":{\"@type\":\"ImageObject\",\"inLanguage\":\"es\",\"@id\":\"https:\\\/\\\/www.coocoolab.com\\\/es\\\/#\\\/schema\\\/logo\\\/image\\\/\",\"url\":\"https:\\\/\\\/www.coocoolab.com\\\/wp-content\\\/uploads\\\/2021\\\/01\\\/logo-coocolab-w400.png\",\"contentUrl\":\"https:\\\/\\\/www.coocoolab.com\\\/wp-content\\\/uploads\\\/2021\\\/01\\\/logo-coocolab-w400.png\",\"width\":400,\"height\":51,\"caption\":\"COOCOOLAB\"},\"image\":{\"@id\":\"https:\\\/\\\/www.coocoolab.com\\\/es\\\/#\\\/schema\\\/logo\\\/image\\\/\"}}]}<\/script>\n<!-- \/ Yoast SEO plugin. -->","yoast_head_json":{"title":"Pol\u00edtica de Cookies &#8212; COOCOOLAB","description":"COOCOOLAB es una consultor\u00eda creativa con sede en Barcelona que ofrece servicios integrales de dise\u00f1o. Creamos experiencias inspiradoras.","robots":{"index":"noindex","follow":"follow"},"og_locale":"es_ES","og_type":"article","og_title":"Pol\u00edtica de Cookies &#8212; COOCOOLAB","og_description":"COOCOOLAB es una consultor\u00eda creativa con sede en Barcelona que ofrece servicios integrales de dise\u00f1o. Creamos experiencias inspiradoras.","og_url":"https:\/\/www.coocoolab.com\/es\/politica-de-cookies\/","og_site_name":"COOCOOLAB","article_modified_time":"2025-03-11T16:14:05+00:00","twitter_card":"summary_large_image","twitter_misc":{"Tiempo de lectura":"6 minutos"},"schema":{"@context":"https:\/\/schema.org","@graph":[{"@type":"WebPage","@id":"https:\/\/www.coocoolab.com\/es\/politica-de-cookies\/","url":"https:\/\/www.coocoolab.com\/es\/politica-de-cookies\/","name":"Pol\u00edtica de Cookies &#8212; COOCOOLAB","isPartOf":{"@id":"https:\/\/www.coocoolab.com\/es\/#website"},"datePublished":"2021-05-04T15:10:00+00:00","dateModified":"2025-03-11T16:14:05+00:00","description":"COOCOOLAB es una consultor\u00eda creativa con sede en Barcelona que ofrece servicios integrales de dise\u00f1o. Creamos experiencias inspiradoras.","breadcrumb":{"@id":"https:\/\/www.coocoolab.com\/es\/politica-de-cookies\/#breadcrumb"},"inLanguage":"es","potentialAction":[{"@type":"ReadAction","target":["https:\/\/www.coocoolab.com\/es\/politica-de-cookies\/"]}]},{"@type":"BreadcrumbList","@id":"https:\/\/www.coocoolab.com\/es\/politica-de-cookies\/#breadcrumb","itemListElement":[{"@type":"ListItem","position":1,"name":"Portada","item":"https:\/\/www.coocoolab.com\/es\/"},{"@type":"ListItem","position":2,"name":"Pol\u00edtica de Cookies"}]},{"@type":"WebSite","@id":"https:\/\/www.coocoolab.com\/es\/#website","url":"https:\/\/www.coocoolab.com\/es\/","name":"COOCOOLAB","description":"We create inspiring experiences","publisher":{"@id":"https:\/\/www.coocoolab.com\/es\/#organization"},"potentialAction":[{"@type":"SearchAction","target":{"@type":"EntryPoint","urlTemplate":"https:\/\/www.coocoolab.com\/es\/?s={search_term_string}"},"query-input":{"@type":"PropertyValueSpecification","valueRequired":true,"valueName":"search_term_string"}}],"inLanguage":"es"},{"@type":"Organization","@id":"https:\/\/www.coocoolab.com\/es\/#organization","name":"COOCOOLAB","url":"https:\/\/www.coocoolab.com\/es\/","logo":{"@type":"ImageObject","inLanguage":"es","@id":"https:\/\/www.coocoolab.com\/es\/#\/schema\/logo\/image\/","url":"https:\/\/www.coocoolab.com\/wp-content\/uploads\/2021\/01\/logo-coocolab-w400.png","contentUrl":"https:\/\/www.coocoolab.com\/wp-content\/uploads\/2021\/01\/logo-coocolab-w400.png","width":400,"height":51,"caption":"COOCOOLAB"},"image":{"@id":"https:\/\/www.coocoolab.com\/es\/#\/schema\/logo\/image\/"}}]}},"_links":{"self":[{"href":"https:\/\/www.coocoolab.com\/es\/wp-json\/wp\/v2\/pages\/3321","targetHints":{"allow":["GET"]}}],"collection":[{"href":"https:\/\/www.coocoolab.com\/es\/wp-json\/wp\/v2\/pages"}],"about":[{"href":"https:\/\/www.coocoolab.com\/es\/wp-json\/wp\/v2\/types\/page"}],"author":[{"embeddable":true,"href":"https:\/\/www.coocoolab.com\/es\/wp-json\/wp\/v2\/users\/1"}],"replies":[{"embeddable":true,"href":"https:\/\/www.coocoolab.com\/es\/wp-json\/wp\/v2\/comments?post=3321"}],"version-history":[{"count":0,"href":"https:\/\/www.coocoolab.com\/es\/wp-json\/wp\/v2\/pages\/3321\/revisions"}],"wp:attachment":[{"href":"https:\/\/www.coocoolab.com\/es\/wp-json\/wp\/v2\/media?parent=3321"}],"curies":[{"name":"wp","href":"https:\/\/api.w.org\/{rel}","templated":true}]}}