{"id":3279,"date":"2021-05-04T12:13:21","date_gmt":"2021-05-04T10:13:21","guid":{"rendered":"https:\/\/www.coocoolab.com\/politica-de-privacidad\/"},"modified":"2025-03-11T17:10:56","modified_gmt":"2025-03-11T16:10:56","slug":"politica-de-privacidad","status":"publish","type":"page","link":"https:\/\/www.coocoolab.com\/es\/politica-de-privacidad\/","title":{"rendered":"Pol\u00edtica de Privacidad"},"content":{"rendered":"\t\t<div data-elementor-type=\"wp-page\" data-elementor-id=\"3279\" class=\"elementor elementor-3279 elementor-2240\" data-elementor-post-type=\"page\">\n\t\t\t\t\t\t<section class=\"elementor-section elementor-top-section elementor-element elementor-element-0d61145 elementor-section-boxed elementor-section-height-default elementor-section-height-default\" data-id=\"0d61145\" data-element_type=\"section\" data-e-type=\"section\" data-settings=\"{&quot;background_background&quot;:&quot;classic&quot;}\">\n\t\t\t\t\t\t<div class=\"elementor-container elementor-column-gap-default\">\n\t\t\t\t\t<div class=\"elementor-column elementor-col-100 elementor-top-column elementor-element elementor-element-f290fbf\" data-id=\"f290fbf\" data-element_type=\"column\" data-e-type=\"column\">\n\t\t\t<div class=\"elementor-widget-wrap elementor-element-populated\">\n\t\t\t\t\t\t<div class=\"elementor-element elementor-element-029f567 elementor-invisible elementor-widget elementor-widget-heading\" data-id=\"029f567\" data-element_type=\"widget\" data-e-type=\"widget\" data-settings=\"{&quot;_animation&quot;:&quot;fadeIn&quot;}\" data-widget_type=\"heading.default\">\n\t\t\t\t<div class=\"elementor-widget-container\">\n\t\t\t\t\t<h1 class=\"elementor-heading-title elementor-size-default\">Pol\u00edtica de Privacidad<\/h1>\t\t\t\t<\/div>\n\t\t\t\t<\/div>\n\t\t\t\t<div class=\"elementor-element elementor-element-bec9205 elementor-widget elementor-widget-text-editor\" data-id=\"bec9205\" data-element_type=\"widget\" data-e-type=\"widget\" data-widget_type=\"text-editor.default\">\n\t\t\t\t<div class=\"elementor-widget-container\">\n\t\t\t\t\t\t\t\t\t<h5>1. INFORMACI\u00d3N DEL USUARIO<\/h5>\n<p><strong>\u00bfQui\u00e9n es el responsable del tratamiento de sus datos personales?<\/strong><\/p>\n<p><strong>ISABEL VELASCO FIGUERAS<\/strong> es el RESPONSABLE del tratamiento de los datos personales del USUARIO y le informa que estos datos ser\u00e1n tratados de conformidad con lo dispuesto en el Reglamento (UE) 2016\/679 de 27 de abril (RGPD) y la Ley Org\u00e1nica 3\/2018, de 5 de diciembre (LOPDGDD).<\/p>\n<p><strong>\u00bfPor qu\u00e9 tratar sus datos personales?<\/strong><\/p>\n<p>Mantener una relaci\u00f3n comercial con el usuario. Las operaciones de tratamiento planificadas son: <\/p>\n<ul>\n<li>Env\u00edo de comunicaciones comerciales publicitarias por correo electr\u00f3nico, fax, SMS, MMS, redes sociales o por cualquier otro medio electr\u00f3nico o f\u00edsico, presente o futuro, que posibilite la realizaci\u00f3n de comunicaciones comerciales. Estas comunicaciones ser\u00e1n realizadas por el RESPONSABLE y estar\u00e1n relacionadas con sus productos y servicios, o los de sus socios o proveedores con los que haya llegado a un acuerdo de promoci\u00f3n. En este caso, los terceros nunca tendr\u00e1n acceso a los datos personales.  <\/li>\n<li>Realizar estudios de mercado y an\u00e1lisis estad\u00edsticos.<\/li>\n<li>Tramitar pedidos, solicitudes, responder a consultas o cualquier tipo de solicitud realizada por el USUARIO a trav\u00e9s de cualquiera de los medios de contacto disponibles en la p\u00e1gina web del RESPONSABLE.<\/li>\n<li>Env\u00eda la newsletter online sobre novedades, ofertas y promociones de nuestra actividad.<\/li>\n<\/ul>\n<p><strong>\u00bfPor qu\u00e9 podemos tratar sus datos personales?<\/strong><\/p>\n<p>Porque el tratamiento est\u00e1 legitimado por el art\u00edculo 6 del RGPD de la siguiente manera:<\/p>\n<ul>\n<li>Con el consentimiento del USUARIO: env\u00edo de comunicaciones comerciales y de la newsletter.<\/li>\n<li>En el inter\u00e9s leg\u00edtimo del RESPONSABLE: realizar estudios de mercado, an\u00e1lisis estad\u00edsticos, etc. y tramitar pedidos, solicitudes, etc. a petici\u00f3n del USUARIO.<\/li>\n<\/ul>\n<p><strong>\u00bfDurante cu\u00e1nto tiempo conservaremos sus datos personales?<\/strong><\/p>\n<p>Los datos no se conservar\u00e1n durante m\u00e1s tiempo del necesario para mantener la finalidad del tratamiento o mientras existan prescripciones legales que dicten su custodia, y cuando dicha finalidad ya no sea necesaria, los datos se suprimir\u00e1n con medidas de seguridad adecuadas para garantizar la anonimizaci\u00f3n de los datos o su completa destrucci\u00f3n.<\/p>\n<p><strong>\u00bfA qui\u00e9n comunicamos sus datos personales?<\/strong><\/p>\n<p>No se prev\u00e9 ninguna comunicaci\u00f3n de datos personales a terceros excepto, en caso de ser necesario para el desarrollo y ejecuci\u00f3n de los fines del tratamiento, a nuestros proveedores de servicios relacionados con las comunicaciones, con los que el RESPONSABLE ha suscrito los contratos de confidencialidad y encargado de tratamiento de datos exigidos por la normativa vigente en materia de privacidad.<\/p>\n<p><strong>\u00bfCu\u00e1les son sus derechos?<\/strong><\/p>\n<p>Los derechos del USUARIO son:<\/p>\n<ul>\n<li>Derecho a retirar el consentimiento en cualquier momento.<\/li>\n<li>Derecho de acceso, rectificaci\u00f3n, portabilidad y supresi\u00f3n de sus datos y a la limitaci\u00f3n u oposici\u00f3n a su tratamiento.<\/li>\n<li>Derecho a presentar una reclamaci\u00f3n ante la Autoridad de Control Espa\u00f1ola (www.aepd.es) si considera que el tratamiento no cumple con la legislaci\u00f3n vigente.<\/li>\n<\/ul>\n<p><strong>Datos de contacto para el ejercicio de derechos:<\/strong><\/p>\n<p>ISABEL VELASCO FIGUERAS. C\/ Rossell\u00f2, 8-10 1o 2a &#8211; 08029 BARCELONA (Barcelona). Correo electr\u00f3nico: info@coocoolab.com<\/p>\n<h5> <\/h5>\n<h5>2. NATURALEZA OBLIGATORIA U OPCIONAL DE LA INFORMACI\u00d3N SUMINISTRADA POR EL USUARIO<\/h5>\n<p>Los USUARIOS, mediante la marcaci\u00f3n de las casillas correspondientes y la introducci\u00f3n de datos en los campos, marcados con un asterisco (*) en el formulario de contacto o formularios de descarga, aceptan expresamente y de forma libre e inequ\u00edvoca que sus datos son necesarios para que el proveedor pueda atender su solicitud, facilitando voluntariamente sus datos en los campos restantes. El USUARIO garantiza que los datos personales facilitados al RESPONSABLE son veraces y se hace responsable de comunicar cualquier modificaci\u00f3n de los mismos.<br \/>El RESPONSABLE informa que todos los datos solicitados a trav\u00e9s del sitio web son obligatorios, por ser necesarios para la prestaci\u00f3n de un servicio \u00f3ptimo al USUARIO. En el caso de que no se faciliten todos los datos, no se garantiza que la informaci\u00f3n y los servicios facilitados se adapten completamente a las necesidades del Usuario.  <\/p>\n<h5> <\/h5>\n<h5>3. MEDIDAS DE SEGURIDAD<\/h5>\n<p>Que de conformidad con lo establecido en la normativa vigente en materia de protecci\u00f3n de datos de car\u00e1cter personal, el RESPONSABLE est\u00e1 cumpliendo con todas las disposiciones del RGPD y de la normativa LOPDGDD para el tratamiento de los datos personales de los que es responsable, y est\u00e1 cumpliendo manifiestamente con los principios descritos en el art\u00edculo 5 del RGPD, por los que se tratan de forma l\u00edcita,  de manera leal y transparente en relaci\u00f3n con el interesado y adecuada, pertinente y limitada a lo necesario en relaci\u00f3n con los fines para los que se tratan.<\/p>\n<p>El RESPONSABLE garantiza que se han implementado todas las pol\u00edticas t\u00e9cnicas y organizativas adecuadas para aplicar las medidas de seguridad establecidas por el RGPD y la LOPDGDD con el fin de proteger los derechos y libertades de los USUARIOS y ha comunicado la informaci\u00f3n adecuada para que \u00e9stos puedan ejercerlos.<\/p>\n<p>Para m\u00e1s informaci\u00f3n sobre las garant\u00edas de privacidad, puede contactar con el RESPONSABLE a trav\u00e9s de ISABEL VELASCO FIGUERAS. C\/ Rossell\u00f2, 8-10 1o 2a &#8211; 08029 BARCELONA (Barcelona). Correo electr\u00f3nico: info@coocoolab.com<\/p>\n\t\t\t\t\t\t\t\t<\/div>\n\t\t\t\t<\/div>\n\t\t\t\t\t<\/div>\n\t\t<\/div>\n\t\t\t\t\t<\/div>\n\t\t<\/section>\n\t\t\t\t<\/div>\n\t\t","protected":false},"excerpt":{"rendered":"<p>1. INFORMACI\u00d3N DEL USUARIO \u00bfQui\u00e9n es el responsable del tratamiento de sus datos personales? ISABEL VELASCO FIGUERAS es el RESPONSABLE del tratamiento de los datos personales del USUARIO y le informa que estos datos ser\u00e1n tratados de conformidad con lo dispuesto en el Reglamento (UE) 2016\/679 de 27 de abril (RGPD) y la Ley Org\u00e1nica [&hellip;]<\/p>\n","protected":false},"author":1,"featured_media":0,"parent":0,"menu_order":0,"comment_status":"closed","ping_status":"closed","template":"elementor_header_footer","meta":{"footnotes":""},"class_list":["post-3279","page","type-page","status-publish","hentry"],"yoast_head":"<!-- This site is optimized with the Yoast SEO plugin v27.3 - https:\/\/yoast.com\/product\/yoast-seo-wordpress\/ -->\n<title>Pol\u00edtica de Privacidad &#8212; COOCOOLAB<\/title>\n<meta name=\"description\" content=\"COOCOOLAB es una consultor\u00eda creativa con sede en Barcelona que ofrece servicios integrales de dise\u00f1o. Creamos experiencias inspiradoras.\" \/>\n<meta name=\"robots\" content=\"noindex, follow\" \/>\n<meta property=\"og:locale\" content=\"es_ES\" \/>\n<meta property=\"og:type\" content=\"article\" \/>\n<meta property=\"og:title\" content=\"Pol\u00edtica de Privacidad &#8212; COOCOOLAB\" \/>\n<meta property=\"og:description\" content=\"COOCOOLAB es una consultor\u00eda creativa con sede en Barcelona que ofrece servicios integrales de dise\u00f1o. Creamos experiencias inspiradoras.\" \/>\n<meta property=\"og:url\" content=\"https:\/\/www.coocoolab.com\/es\/politica-de-privacidad\/\" \/>\n<meta property=\"og:site_name\" content=\"COOCOOLAB\" \/>\n<meta property=\"article:modified_time\" content=\"2025-03-11T16:10:56+00:00\" \/>\n<meta name=\"twitter:card\" content=\"summary_large_image\" \/>\n<meta name=\"twitter:label1\" content=\"Tiempo de lectura\" \/>\n\t<meta name=\"twitter:data1\" content=\"4 minutos\" \/>\n<script type=\"application\/ld+json\" class=\"yoast-schema-graph\">{\"@context\":\"https:\\\/\\\/schema.org\",\"@graph\":[{\"@type\":\"WebPage\",\"@id\":\"https:\\\/\\\/www.coocoolab.com\\\/es\\\/politica-de-privacidad\\\/\",\"url\":\"https:\\\/\\\/www.coocoolab.com\\\/es\\\/politica-de-privacidad\\\/\",\"name\":\"Pol\u00edtica de Privacidad &#8212; COOCOOLAB\",\"isPartOf\":{\"@id\":\"https:\\\/\\\/www.coocoolab.com\\\/es\\\/#website\"},\"datePublished\":\"2021-05-04T10:13:21+00:00\",\"dateModified\":\"2025-03-11T16:10:56+00:00\",\"description\":\"COOCOOLAB es una consultor\u00eda creativa con sede en Barcelona que ofrece servicios integrales de dise\u00f1o. Creamos experiencias inspiradoras.\",\"breadcrumb\":{\"@id\":\"https:\\\/\\\/www.coocoolab.com\\\/es\\\/politica-de-privacidad\\\/#breadcrumb\"},\"inLanguage\":\"es\",\"potentialAction\":[{\"@type\":\"ReadAction\",\"target\":[\"https:\\\/\\\/www.coocoolab.com\\\/es\\\/politica-de-privacidad\\\/\"]}]},{\"@type\":\"BreadcrumbList\",\"@id\":\"https:\\\/\\\/www.coocoolab.com\\\/es\\\/politica-de-privacidad\\\/#breadcrumb\",\"itemListElement\":[{\"@type\":\"ListItem\",\"position\":1,\"name\":\"Portada\",\"item\":\"https:\\\/\\\/www.coocoolab.com\\\/es\\\/\"},{\"@type\":\"ListItem\",\"position\":2,\"name\":\"Pol\u00edtica de Privacidad\"}]},{\"@type\":\"WebSite\",\"@id\":\"https:\\\/\\\/www.coocoolab.com\\\/es\\\/#website\",\"url\":\"https:\\\/\\\/www.coocoolab.com\\\/es\\\/\",\"name\":\"COOCOOLAB\",\"description\":\"We create inspiring experiences\",\"publisher\":{\"@id\":\"https:\\\/\\\/www.coocoolab.com\\\/es\\\/#organization\"},\"potentialAction\":[{\"@type\":\"SearchAction\",\"target\":{\"@type\":\"EntryPoint\",\"urlTemplate\":\"https:\\\/\\\/www.coocoolab.com\\\/es\\\/?s={search_term_string}\"},\"query-input\":{\"@type\":\"PropertyValueSpecification\",\"valueRequired\":true,\"valueName\":\"search_term_string\"}}],\"inLanguage\":\"es\"},{\"@type\":\"Organization\",\"@id\":\"https:\\\/\\\/www.coocoolab.com\\\/es\\\/#organization\",\"name\":\"COOCOOLAB\",\"url\":\"https:\\\/\\\/www.coocoolab.com\\\/es\\\/\",\"logo\":{\"@type\":\"ImageObject\",\"inLanguage\":\"es\",\"@id\":\"https:\\\/\\\/www.coocoolab.com\\\/es\\\/#\\\/schema\\\/logo\\\/image\\\/\",\"url\":\"https:\\\/\\\/www.coocoolab.com\\\/wp-content\\\/uploads\\\/2021\\\/01\\\/logo-coocolab-w400.png\",\"contentUrl\":\"https:\\\/\\\/www.coocoolab.com\\\/wp-content\\\/uploads\\\/2021\\\/01\\\/logo-coocolab-w400.png\",\"width\":400,\"height\":51,\"caption\":\"COOCOOLAB\"},\"image\":{\"@id\":\"https:\\\/\\\/www.coocoolab.com\\\/es\\\/#\\\/schema\\\/logo\\\/image\\\/\"}}]}<\/script>\n<!-- \/ Yoast SEO plugin. -->","yoast_head_json":{"title":"Pol\u00edtica de Privacidad &#8212; COOCOOLAB","description":"COOCOOLAB es una consultor\u00eda creativa con sede en Barcelona que ofrece servicios integrales de dise\u00f1o. Creamos experiencias inspiradoras.","robots":{"index":"noindex","follow":"follow"},"og_locale":"es_ES","og_type":"article","og_title":"Pol\u00edtica de Privacidad &#8212; COOCOOLAB","og_description":"COOCOOLAB es una consultor\u00eda creativa con sede en Barcelona que ofrece servicios integrales de dise\u00f1o. Creamos experiencias inspiradoras.","og_url":"https:\/\/www.coocoolab.com\/es\/politica-de-privacidad\/","og_site_name":"COOCOOLAB","article_modified_time":"2025-03-11T16:10:56+00:00","twitter_card":"summary_large_image","twitter_misc":{"Tiempo de lectura":"4 minutos"},"schema":{"@context":"https:\/\/schema.org","@graph":[{"@type":"WebPage","@id":"https:\/\/www.coocoolab.com\/es\/politica-de-privacidad\/","url":"https:\/\/www.coocoolab.com\/es\/politica-de-privacidad\/","name":"Pol\u00edtica de Privacidad &#8212; COOCOOLAB","isPartOf":{"@id":"https:\/\/www.coocoolab.com\/es\/#website"},"datePublished":"2021-05-04T10:13:21+00:00","dateModified":"2025-03-11T16:10:56+00:00","description":"COOCOOLAB es una consultor\u00eda creativa con sede en Barcelona que ofrece servicios integrales de dise\u00f1o. Creamos experiencias inspiradoras.","breadcrumb":{"@id":"https:\/\/www.coocoolab.com\/es\/politica-de-privacidad\/#breadcrumb"},"inLanguage":"es","potentialAction":[{"@type":"ReadAction","target":["https:\/\/www.coocoolab.com\/es\/politica-de-privacidad\/"]}]},{"@type":"BreadcrumbList","@id":"https:\/\/www.coocoolab.com\/es\/politica-de-privacidad\/#breadcrumb","itemListElement":[{"@type":"ListItem","position":1,"name":"Portada","item":"https:\/\/www.coocoolab.com\/es\/"},{"@type":"ListItem","position":2,"name":"Pol\u00edtica de Privacidad"}]},{"@type":"WebSite","@id":"https:\/\/www.coocoolab.com\/es\/#website","url":"https:\/\/www.coocoolab.com\/es\/","name":"COOCOOLAB","description":"We create inspiring experiences","publisher":{"@id":"https:\/\/www.coocoolab.com\/es\/#organization"},"potentialAction":[{"@type":"SearchAction","target":{"@type":"EntryPoint","urlTemplate":"https:\/\/www.coocoolab.com\/es\/?s={search_term_string}"},"query-input":{"@type":"PropertyValueSpecification","valueRequired":true,"valueName":"search_term_string"}}],"inLanguage":"es"},{"@type":"Organization","@id":"https:\/\/www.coocoolab.com\/es\/#organization","name":"COOCOOLAB","url":"https:\/\/www.coocoolab.com\/es\/","logo":{"@type":"ImageObject","inLanguage":"es","@id":"https:\/\/www.coocoolab.com\/es\/#\/schema\/logo\/image\/","url":"https:\/\/www.coocoolab.com\/wp-content\/uploads\/2021\/01\/logo-coocolab-w400.png","contentUrl":"https:\/\/www.coocoolab.com\/wp-content\/uploads\/2021\/01\/logo-coocolab-w400.png","width":400,"height":51,"caption":"COOCOOLAB"},"image":{"@id":"https:\/\/www.coocoolab.com\/es\/#\/schema\/logo\/image\/"}}]}},"_links":{"self":[{"href":"https:\/\/www.coocoolab.com\/es\/wp-json\/wp\/v2\/pages\/3279","targetHints":{"allow":["GET"]}}],"collection":[{"href":"https:\/\/www.coocoolab.com\/es\/wp-json\/wp\/v2\/pages"}],"about":[{"href":"https:\/\/www.coocoolab.com\/es\/wp-json\/wp\/v2\/types\/page"}],"author":[{"embeddable":true,"href":"https:\/\/www.coocoolab.com\/es\/wp-json\/wp\/v2\/users\/1"}],"replies":[{"embeddable":true,"href":"https:\/\/www.coocoolab.com\/es\/wp-json\/wp\/v2\/comments?post=3279"}],"version-history":[{"count":0,"href":"https:\/\/www.coocoolab.com\/es\/wp-json\/wp\/v2\/pages\/3279\/revisions"}],"wp:attachment":[{"href":"https:\/\/www.coocoolab.com\/es\/wp-json\/wp\/v2\/media?parent=3279"}],"curies":[{"name":"wp","href":"https:\/\/api.w.org\/{rel}","templated":true}]}}