{"id":3269,"date":"2021-05-04T11:01:34","date_gmt":"2021-05-04T09:01:34","guid":{"rendered":"https:\/\/www.coocoolab.com\/home\/"},"modified":"2024-06-26T16:47:13","modified_gmt":"2024-06-26T14:47:13","slug":"home","status":"publish","type":"page","link":"https:\/\/www.coocoolab.com\/es\/","title":{"rendered":"HOME"},"content":{"rendered":"\t\t<div data-elementor-type=\"wp-page\" data-elementor-id=\"3269\" class=\"elementor elementor-3269 elementor-15\" data-elementor-post-type=\"page\">\n\t\t\t\t\t\t<div class=\"elementor-section elementor-top-section elementor-element elementor-element-c647643 elementor-section-full_width elementor-section-height-min-height elementor-section-items-stretch herosection elementor-section-height-default\" data-id=\"c647643\" data-element_type=\"section\" data-e-type=\"section\" id=\"herosection\" data-settings=\"{&quot;background_video_link&quot;:&quot;https:\\\/\\\/www.coocoolab.com\\\/extras\\\/cocoolab_resultados_4_30_seg_low.mp4&quot;,&quot;background_play_on_mobile&quot;:&quot;yes&quot;,&quot;background_privacy_mode&quot;:&quot;yes&quot;,&quot;background_background&quot;:&quot;video&quot;}\">\n\t\t\t\t\t\t\t\t<div class=\"elementor-background-video-container\">\n\t\t\t\t\t\t\t\t\t\t\t\t\t<video class=\"elementor-background-video-hosted\" role=\"presentation\" autoplay muted playsinline loop><\/video>\n\t\t\t\t\t\t\t\t\t\t\t<\/div>\n\t\t\t\t\t\t\t\t<div class=\"elementor-container elementor-column-gap-no\">\n\t\t\t\t\t<div class=\"elementor-column elementor-col-100 elementor-top-column elementor-element elementor-element-cfa147f\" data-id=\"cfa147f\" data-element_type=\"column\" data-e-type=\"column\">\n\t\t\t<div class=\"elementor-widget-wrap elementor-element-populated\">\n\t\t\t\t\t\t<div class=\"elementor-element elementor-element-e559066 elementor-fixed elementor-widget elementor-widget-ucaddon_marquee\" data-id=\"e559066\" data-element_type=\"widget\" data-e-type=\"widget\" data-settings=\"{&quot;_position&quot;:&quot;fixed&quot;}\" data-widget_type=\"ucaddon_marquee.default\">\n\t\t\t\t<div class=\"elementor-widget-container\">\n\t\t\t\t\t\n<!-- start Text Marquee Effect -->\n<style>\/* widget: Text Marquee Effect *\/\n\n#uc_marquee_elementor_e559066  {\n    white-space: nowrap;\n    overflow: hidden;\n    box-sizing: border-box;\n    margin:0 auto;\n}\n\n#uc_marquee_elementor_e559066 div.marquee_text {\n    display: inline-block;\n  \n    \n\tpadding-left: 100%;\n    animation: marquee 25s linear ;\n    animation-iteration-count:infinite;\n\t\n\n \t\n    \n\n    \n}\n@keyframes marquee {\n    0%   { transform: translate(0, 0); }\n    100% { transform: translate(-100%, 0); }\n}\n\n@keyframes marquee_flip {\n  \t0% { transform: translate(-100%, 0); }\n    100%   { transform: translate(0, 0); }\n    \n}\n\n#uc_marquee_elementor_e559066 a\n{\n  text-decoration:none;\n}\n\n<\/style>\n\n<div class=\"ue_marquee\" id=\"uc_marquee_elementor_e559066\">\n<div class=\"marquee_text\">\n  \t\n    COOCOOLAB is a creative consultancy that offers integral design services. On-brand spaces made for memorable experiences. Vip lounges, hotels, workplaces, retail and hospitality design.\n  \t\n<\/div>\n<\/div>\n<!-- end Text Marquee Effect -->\t\t\t\t<\/div>\n\t\t\t\t<\/div>\n\t\t\t\t\t<\/div>\n\t\t<\/div>\n\t\t\t\t\t<\/div>\n\t\t<\/div>\n\t\t\t\t<\/div>\n\t\t","protected":false},"excerpt":{"rendered":"<p>COOCOOLAB is a creative consultancy that offers integral design services. On-brand spaces made for memorable experiences. Vip lounges, hotels, workplaces, retail and hospitality design.<\/p>\n","protected":false},"author":1,"featured_media":0,"parent":0,"menu_order":0,"comment_status":"closed","ping_status":"closed","template":"","meta":{"footnotes":""},"class_list":["post-3269","page","type-page","status-publish","hentry"],"yoast_head":"<!-- This site is optimized with the Yoast SEO plugin v27.3 - https:\/\/yoast.com\/product\/yoast-seo-wordpress\/ -->\n<title>COOCOOLAB &#8212; Consultor\u00eda Creativa<\/title>\n<meta name=\"description\" content=\"COOCOOLAB es una consultora creativa que ofrece servicios integrales de dise\u00f1o, especializada en dise\u00f1o corporativo para espacios de hosteler\u00eda.\" \/>\n<meta name=\"robots\" content=\"index, follow, max-snippet:-1, max-image-preview:large, max-video-preview:-1\" \/>\n<link rel=\"canonical\" href=\"https:\/\/www.coocoolab.com\/es\/\" \/>\n<meta property=\"og:locale\" content=\"es_ES\" \/>\n<meta property=\"og:type\" content=\"article\" \/>\n<meta property=\"og:title\" content=\"COOCOOLAB &#8212; Consultor\u00eda Creativa\" \/>\n<meta property=\"og:description\" content=\"COOCOOLAB es una consultora creativa que ofrece servicios integrales de dise\u00f1o, especializada en dise\u00f1o corporativo para espacios de hosteler\u00eda.\" \/>\n<meta property=\"og:url\" content=\"https:\/\/www.coocoolab.com\/es\/\" \/>\n<meta property=\"og:site_name\" content=\"COOCOOLAB\" \/>\n<meta property=\"article:modified_time\" content=\"2024-06-26T14:47:13+00:00\" \/>\n<meta name=\"twitter:card\" content=\"summary_large_image\" \/>\n<meta name=\"twitter:label1\" content=\"Tiempo de lectura\" \/>\n\t<meta name=\"twitter:data1\" content=\"1 minuto\" \/>\n<script type=\"application\/ld+json\" class=\"yoast-schema-graph\">{\"@context\":\"https:\\\/\\\/schema.org\",\"@graph\":[{\"@type\":\"WebPage\",\"@id\":\"https:\\\/\\\/www.coocoolab.com\\\/es\\\/\",\"url\":\"https:\\\/\\\/www.coocoolab.com\\\/es\\\/\",\"name\":\"COOCOOLAB &#8212; Consultor\u00eda Creativa\",\"isPartOf\":{\"@id\":\"https:\\\/\\\/www.coocoolab.com\\\/es\\\/#website\"},\"datePublished\":\"2021-05-04T09:01:34+00:00\",\"dateModified\":\"2024-06-26T14:47:13+00:00\",\"description\":\"COOCOOLAB es una consultora creativa que ofrece servicios integrales de dise\u00f1o, especializada en dise\u00f1o corporativo para espacios de hosteler\u00eda.\",\"breadcrumb\":{\"@id\":\"https:\\\/\\\/www.coocoolab.com\\\/es\\\/#breadcrumb\"},\"inLanguage\":\"es\",\"potentialAction\":[{\"@type\":\"ReadAction\",\"target\":[\"https:\\\/\\\/www.coocoolab.com\\\/es\\\/\"]}]},{\"@type\":\"BreadcrumbList\",\"@id\":\"https:\\\/\\\/www.coocoolab.com\\\/es\\\/#breadcrumb\",\"itemListElement\":[{\"@type\":\"ListItem\",\"position\":1,\"name\":\"Portada\",\"item\":\"https:\\\/\\\/www.coocoolab.com\\\/es\\\/\"},{\"@type\":\"ListItem\",\"position\":2,\"name\":\"HOME\"}]},{\"@type\":\"WebSite\",\"@id\":\"https:\\\/\\\/www.coocoolab.com\\\/es\\\/#website\",\"url\":\"https:\\\/\\\/www.coocoolab.com\\\/es\\\/\",\"name\":\"COOCOOLAB\",\"description\":\"We create inspiring experiences\",\"publisher\":{\"@id\":\"https:\\\/\\\/www.coocoolab.com\\\/es\\\/#organization\"},\"potentialAction\":[{\"@type\":\"SearchAction\",\"target\":{\"@type\":\"EntryPoint\",\"urlTemplate\":\"https:\\\/\\\/www.coocoolab.com\\\/es\\\/?s={search_term_string}\"},\"query-input\":{\"@type\":\"PropertyValueSpecification\",\"valueRequired\":true,\"valueName\":\"search_term_string\"}}],\"inLanguage\":\"es\"},{\"@type\":\"Organization\",\"@id\":\"https:\\\/\\\/www.coocoolab.com\\\/es\\\/#organization\",\"name\":\"COOCOOLAB\",\"url\":\"https:\\\/\\\/www.coocoolab.com\\\/es\\\/\",\"logo\":{\"@type\":\"ImageObject\",\"inLanguage\":\"es\",\"@id\":\"https:\\\/\\\/www.coocoolab.com\\\/es\\\/#\\\/schema\\\/logo\\\/image\\\/\",\"url\":\"https:\\\/\\\/www.coocoolab.com\\\/wp-content\\\/uploads\\\/2021\\\/01\\\/logo-coocolab-w400.png\",\"contentUrl\":\"https:\\\/\\\/www.coocoolab.com\\\/wp-content\\\/uploads\\\/2021\\\/01\\\/logo-coocolab-w400.png\",\"width\":400,\"height\":51,\"caption\":\"COOCOOLAB\"},\"image\":{\"@id\":\"https:\\\/\\\/www.coocoolab.com\\\/es\\\/#\\\/schema\\\/logo\\\/image\\\/\"}}]}<\/script>\n<!-- \/ Yoast SEO plugin. -->","yoast_head_json":{"title":"COOCOOLAB &#8212; Consultor\u00eda Creativa","description":"COOCOOLAB es una consultora creativa que ofrece servicios integrales de dise\u00f1o, especializada en dise\u00f1o corporativo para espacios de hosteler\u00eda.","robots":{"index":"index","follow":"follow","max-snippet":"max-snippet:-1","max-image-preview":"max-image-preview:large","max-video-preview":"max-video-preview:-1"},"canonical":"https:\/\/www.coocoolab.com\/es\/","og_locale":"es_ES","og_type":"article","og_title":"COOCOOLAB &#8212; Consultor\u00eda Creativa","og_description":"COOCOOLAB es una consultora creativa que ofrece servicios integrales de dise\u00f1o, especializada en dise\u00f1o corporativo para espacios de hosteler\u00eda.","og_url":"https:\/\/www.coocoolab.com\/es\/","og_site_name":"COOCOOLAB","article_modified_time":"2024-06-26T14:47:13+00:00","twitter_card":"summary_large_image","twitter_misc":{"Tiempo de lectura":"1 minuto"},"schema":{"@context":"https:\/\/schema.org","@graph":[{"@type":"WebPage","@id":"https:\/\/www.coocoolab.com\/es\/","url":"https:\/\/www.coocoolab.com\/es\/","name":"COOCOOLAB &#8212; Consultor\u00eda Creativa","isPartOf":{"@id":"https:\/\/www.coocoolab.com\/es\/#website"},"datePublished":"2021-05-04T09:01:34+00:00","dateModified":"2024-06-26T14:47:13+00:00","description":"COOCOOLAB es una consultora creativa que ofrece servicios integrales de dise\u00f1o, especializada en dise\u00f1o corporativo para espacios de hosteler\u00eda.","breadcrumb":{"@id":"https:\/\/www.coocoolab.com\/es\/#breadcrumb"},"inLanguage":"es","potentialAction":[{"@type":"ReadAction","target":["https:\/\/www.coocoolab.com\/es\/"]}]},{"@type":"BreadcrumbList","@id":"https:\/\/www.coocoolab.com\/es\/#breadcrumb","itemListElement":[{"@type":"ListItem","position":1,"name":"Portada","item":"https:\/\/www.coocoolab.com\/es\/"},{"@type":"ListItem","position":2,"name":"HOME"}]},{"@type":"WebSite","@id":"https:\/\/www.coocoolab.com\/es\/#website","url":"https:\/\/www.coocoolab.com\/es\/","name":"COOCOOLAB","description":"We create inspiring experiences","publisher":{"@id":"https:\/\/www.coocoolab.com\/es\/#organization"},"potentialAction":[{"@type":"SearchAction","target":{"@type":"EntryPoint","urlTemplate":"https:\/\/www.coocoolab.com\/es\/?s={search_term_string}"},"query-input":{"@type":"PropertyValueSpecification","valueRequired":true,"valueName":"search_term_string"}}],"inLanguage":"es"},{"@type":"Organization","@id":"https:\/\/www.coocoolab.com\/es\/#organization","name":"COOCOOLAB","url":"https:\/\/www.coocoolab.com\/es\/","logo":{"@type":"ImageObject","inLanguage":"es","@id":"https:\/\/www.coocoolab.com\/es\/#\/schema\/logo\/image\/","url":"https:\/\/www.coocoolab.com\/wp-content\/uploads\/2021\/01\/logo-coocolab-w400.png","contentUrl":"https:\/\/www.coocoolab.com\/wp-content\/uploads\/2021\/01\/logo-coocolab-w400.png","width":400,"height":51,"caption":"COOCOOLAB"},"image":{"@id":"https:\/\/www.coocoolab.com\/es\/#\/schema\/logo\/image\/"}}]}},"_links":{"self":[{"href":"https:\/\/www.coocoolab.com\/es\/wp-json\/wp\/v2\/pages\/3269","targetHints":{"allow":["GET"]}}],"collection":[{"href":"https:\/\/www.coocoolab.com\/es\/wp-json\/wp\/v2\/pages"}],"about":[{"href":"https:\/\/www.coocoolab.com\/es\/wp-json\/wp\/v2\/types\/page"}],"author":[{"embeddable":true,"href":"https:\/\/www.coocoolab.com\/es\/wp-json\/wp\/v2\/users\/1"}],"replies":[{"embeddable":true,"href":"https:\/\/www.coocoolab.com\/es\/wp-json\/wp\/v2\/comments?post=3269"}],"version-history":[{"count":0,"href":"https:\/\/www.coocoolab.com\/es\/wp-json\/wp\/v2\/pages\/3269\/revisions"}],"wp:attachment":[{"href":"https:\/\/www.coocoolab.com\/es\/wp-json\/wp\/v2\/media?parent=3269"}],"curies":[{"name":"wp","href":"https:\/\/api.w.org\/{rel}","templated":true}]}}